{"id":1011,"date":"2023-02-16T09:16:31","date_gmt":"2023-02-16T08:16:31","guid":{"rendered":"https:\/\/leren-zonder-grenzen.com\/impressum\/"},"modified":"2023-03-06T11:41:48","modified_gmt":"2023-03-06T10:41:48","slug":"impressum","status":"publish","type":"page","link":"https:\/\/leren-zonder-grenzen.com\/de\/impressum\/","title":{"rendered":"Impressum"},"content":{"rendered":"<p>Inhaber dieser Website leren-zonder-grenzen.com ist ein Projektkonsortium, das gemeinsam das INTERREG VIa-Projekt EKW, Euregionale Kenniswerkplaatsen, (Projektnummer 32010) durchf\u00fchrt. Leadpartner dieses Projektkonsortiums ist ROC van Twente.<\/p>\n<p>Inhaltlich Verantwortlicher f\u00fcr den Inhalt dieser Website ist:<\/p>\n<p>Rob Rouwers, Projektleiter<br \/>\nROC van Twente<br \/>\nGieterij 200<br \/>\n7553 VZ Hengelo<\/p>\n<p><strong>Erkl\u00e4rung zum Datenschutz<\/strong><br \/>\n<strong>Schutz der pers\u00f6nlichen Daten<\/strong><br \/>\nWir legen gro\u00dfen Wert auf die ordnungsgem\u00e4\u00dfe Verarbeitung der Daten der Besucher dieser Website. (Pers\u00f6nliche) Daten werden nur dann verarbeitet, wenn dies notwendig ist, eine gesetzliche Grundlage daf\u00fcr besteht und dies im Einklang mit der niederl\u00e4ndischen Allgemeinen Datenschutzverordnung (Algemene Verordening Gegevensbescherming, AVG) steht. Wir behandeln Daten mit \u00e4u\u00dferster Sorgfalt und Vertraulichkeit und haben technische und organisatorische Ma\u00dfnahmen getroffen, um zu verhindern, dass personenbezogene Daten in falsche H\u00e4nde geraten oder verloren gehen. Wir verwenden nur Daten, die uns direkt von Ihnen zur Verf\u00fcgung gestellt werden. In dieser Erkl\u00e4rung erfahren Sie, was wir mit den Daten machen und welche Rechte Sie als Website-Besucher haben.<\/p>\n<p><strong>Aufbewahrungsfrist<\/strong><br \/>\nDie Daten, die Sie auf unserer Website hinterlassen, werden nur so lange aufbewahrt, wie es f\u00fcr die Erf\u00fcllung der Zwecke, f\u00fcr die wir die Daten erheben, unbedingt erforderlich oder gesetzlich vorgeschrieben ist.<\/p>\n<p><strong>Weitergabe an Dritte<\/strong><br \/>\nDie Daten werden nur weitergegeben, wenn dies f\u00fcr die Durchf\u00fchrung unserer Arbeit erforderlich ist, und niemals zu kommerziellen Zwecken verwendet.<\/p>\n<p>Wenn Sie Fragen oder Beschwerden zu dieser Datenschutzerkl\u00e4rung haben, wenden Sie sich bitte an die Administratoren dieser Website. Dar\u00fcber hinaus haben Sie jederzeit das Recht, eine Beschwerde bei der niederl\u00e4ndischen Beh\u00f6rde f\u00fcr personenbezogene Daten einzureichen, was \u00fcber <a href=\"https:\/\/www.autoriteitpersoonsgegevens.nl\/en\" target=\"_blank\" rel=\"noopener\">www.autoriteitpersoonsgegevens.nl<\/a> geschehen kann.<\/p>\n<p><strong>Haftungsausschluss<\/strong><br \/>\nDiese Erkl\u00e4rung wird sich von Zeit zu Zeit \u00e4ndern, z. B. weil unsere Website oder die Gesetzgebung ge\u00e4ndert wird. Wir k\u00f6nnen den Inhalt dieser Erkl\u00e4rung jederzeit und ohne vorherige Ank\u00fcndigung \u00e4ndern. Die auf dieser Website zur Verf\u00fcgung gestellten Informationen haben informativen Charakter. Es k\u00f6nnen daher keine Rechte aus diesen Informationen abgeleitet werden.<\/p>\n<p><strong>Haftung<\/strong><br \/>\nEs wird mit gr\u00f6\u00dftm\u00f6glicher Sorgfalt darauf geachtet, dass die Informationen auf dieser Website zuverl\u00e4ssig und aktuell sind. Fehler in der Datenverarbeitung lassen sich jedoch nicht immer vermeiden. Es ist daher m\u00f6glich, dass die ver\u00f6ffentlichten Informationen unvollst\u00e4ndig oder falsch sind. Der Betreiber dieser Seite haftet nicht f\u00fcr Sch\u00e4den, die daraus entstehen.<\/p>\n","protected":false},"excerpt":{"rendered":"<p>Inhaber dieser Website leren-zonder-grenzen.com ist ein Projektkonsortium, das gemeinsam das INTERREG VIa-Projekt EKW, Euregionale Kenniswerkplaatsen, (Projektnummer 32010) durchf\u00fchrt. Leadpartner dieses Projektkonsortiums ist ROC van Twente. Inhaltlich Verantwortlicher f\u00fcr den Inhalt dieser Website ist: Rob Rouwers, Projektleiter ROC van Twente Gieterij 200 7553 VZ Hengelo Erkl\u00e4rung zum Datenschutz Schutz der pers\u00f6nlichen Daten Wir legen gro\u00dfen Wert [&hellip;]<\/p>\n","protected":false},"author":1,"featured_media":684,"parent":0,"menu_order":0,"comment_status":"closed","ping_status":"closed","template":"","meta":{"_acf_changed":false,"footnotes":""},"class_list":["post-1011","page","type-page","status-publish","has-post-thumbnail","hentry"],"acf":[],"yoast_head":"<!-- This site is optimized with the Yoast SEO plugin v27.3 - https:\/\/yoast.com\/product\/yoast-seo-wordpress\/ -->\n<title>Impressum - Lernen ohne Grenzen<\/title>\n<meta name=\"robots\" content=\"index, follow, max-snippet:-1, max-image-preview:large, max-video-preview:-1\" \/>\n<link rel=\"canonical\" href=\"https:\/\/leren-zonder-grenzen.com\/de\/impressum\/\" \/>\n<meta property=\"og:locale\" content=\"de_DE\" \/>\n<meta property=\"og:type\" content=\"article\" \/>\n<meta property=\"og:title\" content=\"Impressum - Lernen ohne Grenzen\" \/>\n<meta property=\"og:description\" content=\"Inhaber dieser Website leren-zonder-grenzen.com ist ein Projektkonsortium, das gemeinsam das INTERREG VIa-Projekt EKW, Euregionale Kenniswerkplaatsen, (Projektnummer 32010) durchf\u00fchrt. Leadpartner dieses Projektkonsortiums ist ROC van Twente. Inhaltlich Verantwortlicher f\u00fcr den Inhalt dieser Website ist: Rob Rouwers, Projektleiter ROC van Twente Gieterij 200 7553 VZ Hengelo Erkl\u00e4rung zum Datenschutz Schutz der pers\u00f6nlichen Daten Wir legen gro\u00dfen Wert [&hellip;]\" \/>\n<meta property=\"og:url\" content=\"https:\/\/leren-zonder-grenzen.com\/de\/impressum\/\" \/>\n<meta property=\"og:site_name\" content=\"Lernen ohne Grenzen\" \/>\n<meta property=\"article:publisher\" content=\"https:\/\/www.facebook.com\/profile.php?id=100047355472830\" \/>\n<meta property=\"article:modified_time\" content=\"2023-03-06T10:41:48+00:00\" \/>\n<meta property=\"og:image\" content=\"https:\/\/leren-zonder-grenzen.com\/wp-content\/uploads\/2023\/02\/pexels-anthony-beck-4278035.webp\" \/>\n\t<meta property=\"og:image:width\" content=\"1280\" \/>\n\t<meta property=\"og:image:height\" content=\"853\" \/>\n\t<meta property=\"og:image:type\" content=\"image\/webp\" \/>\n<meta name=\"twitter:card\" content=\"summary_large_image\" \/>\n<meta name=\"twitter:label1\" content=\"Gesch\u00e4tzte Lesezeit\" \/>\n\t<meta name=\"twitter:data1\" content=\"2\u00a0Minuten\" \/>\n<script type=\"application\/ld+json\" class=\"yoast-schema-graph\">{\"@context\":\"https:\\\/\\\/schema.org\",\"@graph\":[{\"@type\":\"WebPage\",\"@id\":\"https:\\\/\\\/leren-zonder-grenzen.com\\\/de\\\/impressum\\\/\",\"url\":\"https:\\\/\\\/leren-zonder-grenzen.com\\\/de\\\/impressum\\\/\",\"name\":\"Impressum - Lernen ohne Grenzen\",\"isPartOf\":{\"@id\":\"https:\\\/\\\/leren-zonder-grenzen.com\\\/de\\\/#website\"},\"primaryImageOfPage\":{\"@id\":\"https:\\\/\\\/leren-zonder-grenzen.com\\\/de\\\/impressum\\\/#primaryimage\"},\"image\":{\"@id\":\"https:\\\/\\\/leren-zonder-grenzen.com\\\/de\\\/impressum\\\/#primaryimage\"},\"thumbnailUrl\":\"https:\\\/\\\/leren-zonder-grenzen.com\\\/wp-content\\\/uploads\\\/2023\\\/02\\\/pexels-anthony-beck-4278035.webp\",\"datePublished\":\"2023-02-16T08:16:31+00:00\",\"dateModified\":\"2023-03-06T10:41:48+00:00\",\"breadcrumb\":{\"@id\":\"https:\\\/\\\/leren-zonder-grenzen.com\\\/de\\\/impressum\\\/#breadcrumb\"},\"inLanguage\":\"de\",\"potentialAction\":[{\"@type\":\"ReadAction\",\"target\":[\"https:\\\/\\\/leren-zonder-grenzen.com\\\/de\\\/impressum\\\/\"]}]},{\"@type\":\"ImageObject\",\"inLanguage\":\"de\",\"@id\":\"https:\\\/\\\/leren-zonder-grenzen.com\\\/de\\\/impressum\\\/#primaryimage\",\"url\":\"https:\\\/\\\/leren-zonder-grenzen.com\\\/wp-content\\\/uploads\\\/2023\\\/02\\\/pexels-anthony-beck-4278035.webp\",\"contentUrl\":\"https:\\\/\\\/leren-zonder-grenzen.com\\\/wp-content\\\/uploads\\\/2023\\\/02\\\/pexels-anthony-beck-4278035.webp\",\"width\":1280,\"height\":853,\"caption\":\"nederland duitsland grenswerk\"},{\"@type\":\"BreadcrumbList\",\"@id\":\"https:\\\/\\\/leren-zonder-grenzen.com\\\/de\\\/impressum\\\/#breadcrumb\",\"itemListElement\":[{\"@type\":\"ListItem\",\"position\":1,\"name\":\"Home\",\"item\":\"https:\\\/\\\/leren-zonder-grenzen.com\\\/de\\\/home\\\/\"},{\"@type\":\"ListItem\",\"position\":2,\"name\":\"Impressum\"}]},{\"@type\":\"WebSite\",\"@id\":\"https:\\\/\\\/leren-zonder-grenzen.com\\\/de\\\/#website\",\"url\":\"https:\\\/\\\/leren-zonder-grenzen.com\\\/de\\\/\",\"name\":\"Lernen ohne Grenzen\",\"description\":\"Grenzenlos entdecken\",\"publisher\":{\"@id\":\"https:\\\/\\\/leren-zonder-grenzen.com\\\/de\\\/#organization\"},\"alternateName\":\"LZG\",\"potentialAction\":[{\"@type\":\"SearchAction\",\"target\":{\"@type\":\"EntryPoint\",\"urlTemplate\":\"https:\\\/\\\/leren-zonder-grenzen.com\\\/de\\\/?s={search_term_string}\"},\"query-input\":{\"@type\":\"PropertyValueSpecification\",\"valueRequired\":true,\"valueName\":\"search_term_string\"}}],\"inLanguage\":\"de\"},{\"@type\":\"Organization\",\"@id\":\"https:\\\/\\\/leren-zonder-grenzen.com\\\/de\\\/#organization\",\"name\":\"Leren zonder grenzen\",\"alternateName\":\"LZG\",\"url\":\"https:\\\/\\\/leren-zonder-grenzen.com\\\/de\\\/\",\"logo\":{\"@type\":\"ImageObject\",\"inLanguage\":\"de\",\"@id\":\"https:\\\/\\\/leren-zonder-grenzen.com\\\/de\\\/#\\\/schema\\\/logo\\\/image\\\/\",\"url\":\"https:\\\/\\\/leren-zonder-grenzen.com\\\/wp-content\\\/uploads\\\/2022\\\/12\\\/header-logo-leren-zonder-grenzen.svg\",\"contentUrl\":\"https:\\\/\\\/leren-zonder-grenzen.com\\\/wp-content\\\/uploads\\\/2022\\\/12\\\/header-logo-leren-zonder-grenzen.svg\",\"width\":126,\"height\":181,\"caption\":\"Leren zonder grenzen\"},\"image\":{\"@id\":\"https:\\\/\\\/leren-zonder-grenzen.com\\\/de\\\/#\\\/schema\\\/logo\\\/image\\\/\"},\"sameAs\":[\"https:\\\/\\\/www.facebook.com\\\/profile.php?id=100047355472830\"]}]}<\/script>\n<!-- \/ Yoast SEO plugin. -->","yoast_head_json":{"title":"Impressum - Lernen ohne Grenzen","robots":{"index":"index","follow":"follow","max-snippet":"max-snippet:-1","max-image-preview":"max-image-preview:large","max-video-preview":"max-video-preview:-1"},"canonical":"https:\/\/leren-zonder-grenzen.com\/de\/impressum\/","og_locale":"de_DE","og_type":"article","og_title":"Impressum - Lernen ohne Grenzen","og_description":"Inhaber dieser Website leren-zonder-grenzen.com ist ein Projektkonsortium, das gemeinsam das INTERREG VIa-Projekt EKW, Euregionale Kenniswerkplaatsen, (Projektnummer 32010) durchf\u00fchrt. Leadpartner dieses Projektkonsortiums ist ROC van Twente. Inhaltlich Verantwortlicher f\u00fcr den Inhalt dieser Website ist: Rob Rouwers, Projektleiter ROC van Twente Gieterij 200 7553 VZ Hengelo Erkl\u00e4rung zum Datenschutz Schutz der pers\u00f6nlichen Daten Wir legen gro\u00dfen Wert [&hellip;]","og_url":"https:\/\/leren-zonder-grenzen.com\/de\/impressum\/","og_site_name":"Lernen ohne Grenzen","article_publisher":"https:\/\/www.facebook.com\/profile.php?id=100047355472830","article_modified_time":"2023-03-06T10:41:48+00:00","og_image":[{"width":1280,"height":853,"url":"https:\/\/leren-zonder-grenzen.com\/wp-content\/uploads\/2023\/02\/pexels-anthony-beck-4278035.webp","type":"image\/webp"}],"twitter_card":"summary_large_image","twitter_misc":{"Gesch\u00e4tzte Lesezeit":"2\u00a0Minuten"},"schema":{"@context":"https:\/\/schema.org","@graph":[{"@type":"WebPage","@id":"https:\/\/leren-zonder-grenzen.com\/de\/impressum\/","url":"https:\/\/leren-zonder-grenzen.com\/de\/impressum\/","name":"Impressum - Lernen ohne Grenzen","isPartOf":{"@id":"https:\/\/leren-zonder-grenzen.com\/de\/#website"},"primaryImageOfPage":{"@id":"https:\/\/leren-zonder-grenzen.com\/de\/impressum\/#primaryimage"},"image":{"@id":"https:\/\/leren-zonder-grenzen.com\/de\/impressum\/#primaryimage"},"thumbnailUrl":"https:\/\/leren-zonder-grenzen.com\/wp-content\/uploads\/2023\/02\/pexels-anthony-beck-4278035.webp","datePublished":"2023-02-16T08:16:31+00:00","dateModified":"2023-03-06T10:41:48+00:00","breadcrumb":{"@id":"https:\/\/leren-zonder-grenzen.com\/de\/impressum\/#breadcrumb"},"inLanguage":"de","potentialAction":[{"@type":"ReadAction","target":["https:\/\/leren-zonder-grenzen.com\/de\/impressum\/"]}]},{"@type":"ImageObject","inLanguage":"de","@id":"https:\/\/leren-zonder-grenzen.com\/de\/impressum\/#primaryimage","url":"https:\/\/leren-zonder-grenzen.com\/wp-content\/uploads\/2023\/02\/pexels-anthony-beck-4278035.webp","contentUrl":"https:\/\/leren-zonder-grenzen.com\/wp-content\/uploads\/2023\/02\/pexels-anthony-beck-4278035.webp","width":1280,"height":853,"caption":"nederland duitsland grenswerk"},{"@type":"BreadcrumbList","@id":"https:\/\/leren-zonder-grenzen.com\/de\/impressum\/#breadcrumb","itemListElement":[{"@type":"ListItem","position":1,"name":"Home","item":"https:\/\/leren-zonder-grenzen.com\/de\/home\/"},{"@type":"ListItem","position":2,"name":"Impressum"}]},{"@type":"WebSite","@id":"https:\/\/leren-zonder-grenzen.com\/de\/#website","url":"https:\/\/leren-zonder-grenzen.com\/de\/","name":"Lernen ohne Grenzen","description":"Grenzenlos entdecken","publisher":{"@id":"https:\/\/leren-zonder-grenzen.com\/de\/#organization"},"alternateName":"LZG","potentialAction":[{"@type":"SearchAction","target":{"@type":"EntryPoint","urlTemplate":"https:\/\/leren-zonder-grenzen.com\/de\/?s={search_term_string}"},"query-input":{"@type":"PropertyValueSpecification","valueRequired":true,"valueName":"search_term_string"}}],"inLanguage":"de"},{"@type":"Organization","@id":"https:\/\/leren-zonder-grenzen.com\/de\/#organization","name":"Leren zonder grenzen","alternateName":"LZG","url":"https:\/\/leren-zonder-grenzen.com\/de\/","logo":{"@type":"ImageObject","inLanguage":"de","@id":"https:\/\/leren-zonder-grenzen.com\/de\/#\/schema\/logo\/image\/","url":"https:\/\/leren-zonder-grenzen.com\/wp-content\/uploads\/2022\/12\/header-logo-leren-zonder-grenzen.svg","contentUrl":"https:\/\/leren-zonder-grenzen.com\/wp-content\/uploads\/2022\/12\/header-logo-leren-zonder-grenzen.svg","width":126,"height":181,"caption":"Leren zonder grenzen"},"image":{"@id":"https:\/\/leren-zonder-grenzen.com\/de\/#\/schema\/logo\/image\/"},"sameAs":["https:\/\/www.facebook.com\/profile.php?id=100047355472830"]}]}},"_links":{"self":[{"href":"https:\/\/leren-zonder-grenzen.com\/de\/wp-json\/wp\/v2\/pages\/1011","targetHints":{"allow":["GET"]}}],"collection":[{"href":"https:\/\/leren-zonder-grenzen.com\/de\/wp-json\/wp\/v2\/pages"}],"about":[{"href":"https:\/\/leren-zonder-grenzen.com\/de\/wp-json\/wp\/v2\/types\/page"}],"author":[{"embeddable":true,"href":"https:\/\/leren-zonder-grenzen.com\/de\/wp-json\/wp\/v2\/users\/1"}],"replies":[{"embeddable":true,"href":"https:\/\/leren-zonder-grenzen.com\/de\/wp-json\/wp\/v2\/comments?post=1011"}],"version-history":[{"count":2,"href":"https:\/\/leren-zonder-grenzen.com\/de\/wp-json\/wp\/v2\/pages\/1011\/revisions"}],"predecessor-version":[{"id":1051,"href":"https:\/\/leren-zonder-grenzen.com\/de\/wp-json\/wp\/v2\/pages\/1011\/revisions\/1051"}],"wp:featuredmedia":[{"embeddable":true,"href":"https:\/\/leren-zonder-grenzen.com\/de\/wp-json\/wp\/v2\/media\/684"}],"wp:attachment":[{"href":"https:\/\/leren-zonder-grenzen.com\/de\/wp-json\/wp\/v2\/media?parent=1011"}],"curies":[{"name":"wp","href":"https:\/\/api.w.org\/{rel}","templated":true}]}}