{"id":732,"date":"2023-01-04T12:21:51","date_gmt":"2023-01-04T11:21:51","guid":{"rendered":"https:\/\/leren-zonder-grenzen.com\/downloads\/"},"modified":"2025-07-01T14:18:28","modified_gmt":"2025-07-01T12:18:28","slug":"downloads","status":"publish","type":"page","link":"https:\/\/leren-zonder-grenzen.com\/de\/downloads\/","title":{"rendered":"Downloads"},"content":{"rendered":"<p>Auf dieser Seite findest du alle n\u00f6tigen Formulare und Downloads, egal ob du einen Antrag einreichen m\u00f6chtest oder eine Partnerschule jenseits der Grenze suchst.<\/p>\n<p style=\"margin-top: 0cm;\"><strong>Ferienzeiten<\/strong><\/p>\n<p style=\"margin-top: 0cm;\">Hier findest du eine \u00dcbersicht \u00fcber alle Schulferien in der Grenzregion.<\/p>\n<ul>\n<li><a href=\"https:\/\/leren-zonder-grenzen.com\/wp-content\/uploads\/2024\/03\/schoolvakanties-Schulferien-2024-2025-1.pdf\">Jahres\u00fcbersicht-Schulferien-2024\/25<\/a><\/li>\n<li><a href=\"https:\/\/leren-zonder-grenzen.com\/wp-content\/uploads\/2025\/05\/jaarplanning-schoolvakanties-202526-1.pdf\">Jahres\u00fcbersicht_Schulferien-2025\/26<\/a><\/li>\n<\/ul>\n<p><strong>Prozedere: Einreichung eines Antrags (Schema)<\/strong><\/p>\n<p>Hier findest du einen \u00dcberblick (Schema), wie du einen EKW-Projektantrag einreichen kannst.<\/p>\n<p><a href=\"https:\/\/leren-zonder-grenzen.com\/wp-content\/uploads\/2024\/05\/Stroomschema-Interreg-DE.pdf\">Schema Interreg DE<\/a><\/p>\n<p><strong>Partnersuche <\/strong><br \/>\nWenn du auf der Suche nach einer niederl\u00e4ndischen Partnerschule in der Grenzregion bist, ist dieses Formular hilfreich. Mit den bereitgestellten Informationen wenden sich unsere Projektpartner an Schulen in der niederl\u00e4ndischen Grenzregion, die dem Suchprofil entsprechen. Wenn du mehrere Partner suchst, f\u00fcll bitte mehrere Formulare aus.<\/p>\n<p><a href=\"https:\/\/forms.office.com\/e\/dQSVHjWFEg\" target=\"_blank\" rel=\"noopener\">LZG1- Ma\u00dfgeschneiderte Suche Partnerschule<\/a><\/p>\n<p><strong>Antragsformular EKW Ma\u00dfnahme oder Austausch<\/strong><br \/>\nF\u00fcr die Teilnahme an einem EKW oder einer Austauschma\u00dfnahme m\u00fcssen mind. 1 deutsche und 1 niederl\u00e4ndische Schule gemeinsam einen Antrag stellen. Ziel der Ma\u00dfnahme sollte sein, die deutsch-niederl\u00e4ndische Zusammenarbeit zu f\u00f6rdern. Die Aktivit\u00e4ten richten sich an Sch\u00fclerInnen, die ihre euroregionalen Kompetenzen ausbauen wollen. Voraussetzungen f\u00fcr einen Antrag sind:<br \/>\n\u2013 Die Ma\u00dfnahme passt inhaltlich in das EKW-Projekt und kann in den laufenden Lehrplan integriert werden.<br \/>\n\u2013 Es findet ein physischer (und digitaler) Austausch zwischen deutschen und niederl\u00e4ndischen Sch\u00fclernInnen statt.<\/p>\n<p><span style=\"color: #ff0000;\"><strong>Achtung: Die F\u00f6rdermittel f\u00fcr Austausche im Rahmen des EKW-Projekts sind nun beinahe aufgebraucht. Deshalb kann es sein, dass Ihr Austauschprojekt nicht gef\u00f6rdert wird, obwohl es allen F\u00f6rderkriterien entspricht. Bitte nehmen Sie Kontakt mit den EKW-Leitern oder der EKW-Projektleitung auf, um beraten zu werden.<\/strong><\/span><\/p>\n<p><a href=\"https:\/\/forms.office.com\/pages\/responsepage.aspx?id=Ej_2u9r_-UCT7qTlnRZJz6JDv4pum7RCn5CzE_qNOA5URVJFNzZPSDlOUktEN09HWkpRM0kyQkpVNy4u\">LZG2 &#8211; Antragsformular<\/a><\/p>\n<p><strong>Kostenplan <\/strong><br \/>\nMit dem Kostenplan Subprojekt(e) EKW erstellst du eine Kalkulation der Kosten. F\u00f6rderf\u00e4hige Kosten sind: die Stunden der LehrerInnen und Sachkosten (Bustransport, Verpflegung u.\u00e4.). 70 % der Kosten werden erstattet. Dieser Kostenplan wird auch dem Interreg-Lenkungsausschuss zur Genehmigung vorgelegt.<\/p>\n<p><a href=\"https:\/\/leren-zonder-grenzen.com\/wp-content\/uploads\/2025\/03\/LZG3-Kostenplan-Subprojekt-EKW.xlsx\">LZG3-Kostenplan-Subprojekt-EKW<\/a><\/p>\n<p><strong>Deklartion\/Mittelabruf<br \/>\n<\/strong><\/p>\n<p>Dein Antrag wurde bewilligt und die Aktivit\u00e4t bzw. Ma\u00dfnahme hat stattgefunden? Dann kannst du nun die im Antrag aufgef\u00fchrten Kosten mit dem folgenden Formular deklarieren. Alle deklarierten Kosten werden mit 70%-F\u00f6rderung verg\u00fctet.<\/p>\n<p><a href=\"https:\/\/leren-zonder-grenzen.com\/wp-content\/uploads\/2024\/11\/LzG5_Deklaration_Mittelabruf_Subprojekte_NEU.docx\">LzG5_Deklaration_<\/a><a href=\"https:\/\/leren-zonder-grenzen.com\/wp-content\/uploads\/2024\/11\/LzG5_Deklaration_Mittelabruf_Subprojekte_NEU.docx\">NEU<\/a><\/p>\n<p><strong>Stundenerfassung EKW<\/strong><\/p>\n<p><strong>a) TimeTell<\/strong><\/p>\n<p>Du hast dich f\u00fcr die Nutzung von TimeTell entschieden und dein Antrag zur Nutzung von TimeTell wurde genehmigt? Dann f\u00fclle jetzt die Mitarbeiterliste aus und sende diese zusammen mit den von jedem einzelnen MitarbeiterIn unterschriebenen Mitarbeitererkl\u00e4rungen zur\u00fcck an: <a href=\"mailto:servicepuntsubsidie@rocvantwente.nl\">servicepuntsubsidie@rocvantwente.nl<\/a>.<\/p>\n<ul>\n<li>Schritt-f\u00fcr-Schritt-Anleitung: <a href=\"https:\/\/leren-zonder-grenzen.com\/wp-content\/uploads\/2024\/05\/Anleitung-Stundenzettel.docx\">Anleitung- TimeTell<\/a><\/li>\n<li><a href=\"https:\/\/leren-zonder-grenzen.com\/wp-content\/uploads\/2023\/10\/Mitarbeitererklarung-Interreg-VI-Euregionale-Kenniswerkplaatsen-DE-de.docx\">Mitarbeitererkl\u00e4rung <\/a><\/li>\n<li><a href=\"https:\/\/leren-zonder-grenzen.com\/wp-content\/uploads\/2024\/01\/Mitarbeiterliste-fuer-TimeTell.xlsx\">Mitarbeiterliste f\u00fcr TimeTell<\/a><\/li>\n<\/ul>\n<p><strong>b) INTERREG Stundenzettel\u00a0<\/strong><\/p>\n<ul>\n<li><strong>Vorlage Stundenzettel<\/strong>: <a href=\"https:\/\/leren-zonder-grenzen.com\/wp-content\/uploads\/2024\/03\/Vorlage-Stundenzettel-EKW.xlsx\">Vorlage Stundenzettel EKW<\/a><\/li>\n<\/ul>\n<p>Du ben\u00f6tigst Hilfe beim Ausf\u00fcllen der Stundenzettel? Hier findest du eine Schritt-f\u00fcr-Schritt-Anleitung. Au\u00dferdem zeigt dir das Erkl\u00e4rvideo, wie du die Stundenzettel richtig ausf\u00fcllst und einreichst:<\/p>\n<ul>\n<li><strong> Anleitung Stundenzettel<\/strong>: <a href=\"https:\/\/leren-zonder-grenzen.com\/wp-content\/uploads\/2024\/05\/Anleitung-Stundenzettel.docx\">Anleitung-Stundenzettel<\/a><\/li>\n<li><strong>Erkl\u00e4rvideo Stundenzettel EKW:<\/strong><\/li>\n<\/ul>\n<div class=\"ratio ratio-16x9\"><iframe loading=\"lazy\" title=\"Erkl\u00e4rvideo Stundenzettel EKW\" width=\"800\" height=\"450\" src=\"https:\/\/www.youtube.com\/embed\/If11WFErmZM?feature=oembed\" frameborder=\"0\" allow=\"accelerometer; autoplay; clipboard-write; encrypted-media; gyroscope; picture-in-picture; web-share\" referrerpolicy=\"strict-origin-when-cross-origin\" allowfullscreen><\/iframe><\/div>\n<p>&nbsp;<\/p>\n<p><strong>Teilnehmerliste Sch\u00fclerInnen<\/strong><br \/>\nF\u00fcr die Abrechnung von Aktivit\u00e4ten ben\u00f6tigen wir Teilnehmerlisten, beispielsweise f\u00fcr Busfahrten oder Catering. Es gen\u00fcgt, wenn die Sch\u00fclerInnen auf den Listen eingetragen sind und angekreuzt wird, dass sie anwesend waren. Eine individuelle Unterschrift jedes Sch\u00fclersIn ist nicht erforderlich. Der verantwortliche BegleiterInnen oder LehrerInnen best\u00e4tigt die Anwesenheit der Sch\u00fclerInnen und BegleiterInnen auf der Teilnehmerliste LzG06b.<\/p>\n<p><a href=\"https:\/\/leren-zonder-grenzen.com\/wp-content\/uploads\/2025\/05\/LZG06a-Teilnehmerliste-SchulerInnen_NEU.docx\">LZG06a-Teilnehmerliste-SchulerInnen_NEU<\/a><\/p>\n<p><strong>Teilnehmerliste LehrerInnen <\/strong><\/p>\n<div class=\"flex flex-grow flex-col max-w-full\">\n<div class=\"min-h-[20px] text-message flex flex-col items-start gap-3 whitespace-pre-wrap break-words [.text-message+&amp;]:mt-5 overflow-x-auto\" dir=\"auto\" data-message-author-role=\"assistant\" data-message-id=\"562efc7b-1c15-427b-8de3-434f7dfafb2e\">\n<div class=\"markdown prose w-full break-words dark:prose-invert dark\">\n<p>Auch f\u00fcr die teilnehmenden LehrerInnen und BegleiterInnen wird eine Teilnehmerliste ben\u00f6tigt. Auf dieser Liste sollten die LehrerInnen selbst unterschreiben, um ihre Anwesenheit zu best\u00e4tigen. Der verantwortliche BegleiterIn oder LehrerIn best\u00e4tigt abschlie\u00dfend die Anwesenheit der Sch\u00fclerInnen und BegleiterInnen mit seiner Unterschrift.<\/p>\n<\/div>\n<\/div>\n<\/div>\n<p><a href=\"https:\/\/leren-zonder-grenzen.com\/wp-content\/uploads\/2025\/05\/LzG06b-Teilnehmerliste-LehrerInnen_NEU.docx\">LzG06b-Teilnehmerliste-LehrerInnen_NEU<\/a><\/p>\n<p>Hast du noch Fragen oder Anmerkungen? Nimm gerne <a href=\"https:\/\/leren-zonder-grenzen.com\/de\/contact\/\">Kontakt<\/a> mit uns auf via Telefon oder unserem Kontaktformular.<\/p>\n","protected":false},"excerpt":{"rendered":"<p>Auf dieser Seite findest du alle n\u00f6tigen Formulare und Downloads, egal ob du einen Antrag einreichen m\u00f6chtest oder eine Partnerschule jenseits der Grenze suchst. Ferienzeiten Hier findest du eine \u00dcbersicht \u00fcber alle Schulferien in der Grenzregion. Jahres\u00fcbersicht-Schulferien-2024\/25 Jahres\u00fcbersicht_Schulferien-2025\/26 Prozedere: Einreichung eines Antrags (Schema) Hier findest du einen \u00dcberblick (Schema), wie du einen EKW-Projektantrag einreichen kannst. [&hellip;]<\/p>\n","protected":false},"author":1,"featured_media":665,"parent":0,"menu_order":0,"comment_status":"closed","ping_status":"closed","template":"","meta":{"_acf_changed":false,"footnotes":""},"class_list":["post-732","page","type-page","status-publish","has-post-thumbnail","hentry"],"acf":[],"yoast_head":"<!-- This site is optimized with the Yoast SEO plugin v27.3 - https:\/\/yoast.com\/product\/yoast-seo-wordpress\/ -->\n<title>Downloads - Lernen ohne Grenzen<\/title>\n<meta name=\"robots\" content=\"index, follow, max-snippet:-1, max-image-preview:large, max-video-preview:-1\" \/>\n<link rel=\"canonical\" href=\"https:\/\/leren-zonder-grenzen.com\/de\/downloads\/\" \/>\n<meta property=\"og:locale\" content=\"de_DE\" \/>\n<meta property=\"og:type\" content=\"article\" \/>\n<meta property=\"og:title\" content=\"Downloads - Lernen ohne Grenzen\" \/>\n<meta property=\"og:description\" content=\"Auf dieser Seite findest du alle n\u00f6tigen Formulare und Downloads, egal ob du einen Antrag einreichen m\u00f6chtest oder eine Partnerschule jenseits der Grenze suchst. Ferienzeiten Hier findest du eine \u00dcbersicht \u00fcber alle Schulferien in der Grenzregion. Jahres\u00fcbersicht-Schulferien-2024\/25 Jahres\u00fcbersicht_Schulferien-2025\/26 Prozedere: Einreichung eines Antrags (Schema) Hier findest du einen \u00dcberblick (Schema), wie du einen EKW-Projektantrag einreichen kannst. [&hellip;]\" \/>\n<meta property=\"og:url\" content=\"https:\/\/leren-zonder-grenzen.com\/de\/downloads\/\" \/>\n<meta property=\"og:site_name\" content=\"Lernen ohne Grenzen\" \/>\n<meta property=\"article:publisher\" content=\"https:\/\/www.facebook.com\/profile.php?id=100047355472830\" \/>\n<meta property=\"article:modified_time\" content=\"2025-07-01T12:18:28+00:00\" \/>\n<meta property=\"og:image\" content=\"https:\/\/leren-zonder-grenzen.com\/wp-content\/uploads\/2023\/01\/project-ROLE-studentenbezoek-BK-Hansa-aan-ROC-van-Twente-bew-scaled.jpg\" \/>\n\t<meta property=\"og:image:width\" content=\"2560\" \/>\n\t<meta property=\"og:image:height\" content=\"2114\" \/>\n\t<meta property=\"og:image:type\" content=\"image\/jpeg\" \/>\n<meta name=\"twitter:card\" content=\"summary_large_image\" \/>\n<meta name=\"twitter:label1\" content=\"Gesch\u00e4tzte Lesezeit\" \/>\n\t<meta name=\"twitter:data1\" content=\"4\u00a0Minuten\" \/>\n<script type=\"application\/ld+json\" class=\"yoast-schema-graph\">{\"@context\":\"https:\\\/\\\/schema.org\",\"@graph\":[{\"@type\":\"WebPage\",\"@id\":\"https:\\\/\\\/leren-zonder-grenzen.com\\\/de\\\/downloads\\\/\",\"url\":\"https:\\\/\\\/leren-zonder-grenzen.com\\\/de\\\/downloads\\\/\",\"name\":\"Downloads - Lernen ohne Grenzen\",\"isPartOf\":{\"@id\":\"https:\\\/\\\/leren-zonder-grenzen.com\\\/de\\\/#website\"},\"primaryImageOfPage\":{\"@id\":\"https:\\\/\\\/leren-zonder-grenzen.com\\\/de\\\/downloads\\\/#primaryimage\"},\"image\":{\"@id\":\"https:\\\/\\\/leren-zonder-grenzen.com\\\/de\\\/downloads\\\/#primaryimage\"},\"thumbnailUrl\":\"https:\\\/\\\/leren-zonder-grenzen.com\\\/wp-content\\\/uploads\\\/2023\\\/01\\\/project-ROLE-studentenbezoek-BK-Hansa-aan-ROC-van-Twente-bew-scaled.jpg\",\"datePublished\":\"2023-01-04T11:21:51+00:00\",\"dateModified\":\"2025-07-01T12:18:28+00:00\",\"breadcrumb\":{\"@id\":\"https:\\\/\\\/leren-zonder-grenzen.com\\\/de\\\/downloads\\\/#breadcrumb\"},\"inLanguage\":\"de\",\"potentialAction\":[{\"@type\":\"ReadAction\",\"target\":[\"https:\\\/\\\/leren-zonder-grenzen.com\\\/de\\\/downloads\\\/\"]}]},{\"@type\":\"ImageObject\",\"inLanguage\":\"de\",\"@id\":\"https:\\\/\\\/leren-zonder-grenzen.com\\\/de\\\/downloads\\\/#primaryimage\",\"url\":\"https:\\\/\\\/leren-zonder-grenzen.com\\\/wp-content\\\/uploads\\\/2023\\\/01\\\/project-ROLE-studentenbezoek-BK-Hansa-aan-ROC-van-Twente-bew-scaled.jpg\",\"contentUrl\":\"https:\\\/\\\/leren-zonder-grenzen.com\\\/wp-content\\\/uploads\\\/2023\\\/01\\\/project-ROLE-studentenbezoek-BK-Hansa-aan-ROC-van-Twente-bew-scaled.jpg\",\"width\":2560,\"height\":2114,\"caption\":\"ROC van Twente\"},{\"@type\":\"BreadcrumbList\",\"@id\":\"https:\\\/\\\/leren-zonder-grenzen.com\\\/de\\\/downloads\\\/#breadcrumb\",\"itemListElement\":[{\"@type\":\"ListItem\",\"position\":1,\"name\":\"Home\",\"item\":\"https:\\\/\\\/leren-zonder-grenzen.com\\\/de\\\/home\\\/\"},{\"@type\":\"ListItem\",\"position\":2,\"name\":\"Downloads\"}]},{\"@type\":\"WebSite\",\"@id\":\"https:\\\/\\\/leren-zonder-grenzen.com\\\/de\\\/#website\",\"url\":\"https:\\\/\\\/leren-zonder-grenzen.com\\\/de\\\/\",\"name\":\"Lernen ohne Grenzen\",\"description\":\"Grenzenlos entdecken\",\"publisher\":{\"@id\":\"https:\\\/\\\/leren-zonder-grenzen.com\\\/de\\\/#organization\"},\"alternateName\":\"LZG\",\"potentialAction\":[{\"@type\":\"SearchAction\",\"target\":{\"@type\":\"EntryPoint\",\"urlTemplate\":\"https:\\\/\\\/leren-zonder-grenzen.com\\\/de\\\/?s={search_term_string}\"},\"query-input\":{\"@type\":\"PropertyValueSpecification\",\"valueRequired\":true,\"valueName\":\"search_term_string\"}}],\"inLanguage\":\"de\"},{\"@type\":\"Organization\",\"@id\":\"https:\\\/\\\/leren-zonder-grenzen.com\\\/de\\\/#organization\",\"name\":\"Leren zonder grenzen\",\"alternateName\":\"LZG\",\"url\":\"https:\\\/\\\/leren-zonder-grenzen.com\\\/de\\\/\",\"logo\":{\"@type\":\"ImageObject\",\"inLanguage\":\"de\",\"@id\":\"https:\\\/\\\/leren-zonder-grenzen.com\\\/de\\\/#\\\/schema\\\/logo\\\/image\\\/\",\"url\":\"https:\\\/\\\/leren-zonder-grenzen.com\\\/wp-content\\\/uploads\\\/2022\\\/12\\\/header-logo-leren-zonder-grenzen.svg\",\"contentUrl\":\"https:\\\/\\\/leren-zonder-grenzen.com\\\/wp-content\\\/uploads\\\/2022\\\/12\\\/header-logo-leren-zonder-grenzen.svg\",\"width\":126,\"height\":181,\"caption\":\"Leren zonder grenzen\"},\"image\":{\"@id\":\"https:\\\/\\\/leren-zonder-grenzen.com\\\/de\\\/#\\\/schema\\\/logo\\\/image\\\/\"},\"sameAs\":[\"https:\\\/\\\/www.facebook.com\\\/profile.php?id=100047355472830\"]}]}<\/script>\n<!-- \/ Yoast SEO plugin. -->","yoast_head_json":{"title":"Downloads - Lernen ohne Grenzen","robots":{"index":"index","follow":"follow","max-snippet":"max-snippet:-1","max-image-preview":"max-image-preview:large","max-video-preview":"max-video-preview:-1"},"canonical":"https:\/\/leren-zonder-grenzen.com\/de\/downloads\/","og_locale":"de_DE","og_type":"article","og_title":"Downloads - Lernen ohne Grenzen","og_description":"Auf dieser Seite findest du alle n\u00f6tigen Formulare und Downloads, egal ob du einen Antrag einreichen m\u00f6chtest oder eine Partnerschule jenseits der Grenze suchst. Ferienzeiten Hier findest du eine \u00dcbersicht \u00fcber alle Schulferien in der Grenzregion. Jahres\u00fcbersicht-Schulferien-2024\/25 Jahres\u00fcbersicht_Schulferien-2025\/26 Prozedere: Einreichung eines Antrags (Schema) Hier findest du einen \u00dcberblick (Schema), wie du einen EKW-Projektantrag einreichen kannst. [&hellip;]","og_url":"https:\/\/leren-zonder-grenzen.com\/de\/downloads\/","og_site_name":"Lernen ohne Grenzen","article_publisher":"https:\/\/www.facebook.com\/profile.php?id=100047355472830","article_modified_time":"2025-07-01T12:18:28+00:00","og_image":[{"width":2560,"height":2114,"url":"https:\/\/leren-zonder-grenzen.com\/wp-content\/uploads\/2023\/01\/project-ROLE-studentenbezoek-BK-Hansa-aan-ROC-van-Twente-bew-scaled.jpg","type":"image\/jpeg"}],"twitter_card":"summary_large_image","twitter_misc":{"Gesch\u00e4tzte Lesezeit":"4\u00a0Minuten"},"schema":{"@context":"https:\/\/schema.org","@graph":[{"@type":"WebPage","@id":"https:\/\/leren-zonder-grenzen.com\/de\/downloads\/","url":"https:\/\/leren-zonder-grenzen.com\/de\/downloads\/","name":"Downloads - Lernen ohne Grenzen","isPartOf":{"@id":"https:\/\/leren-zonder-grenzen.com\/de\/#website"},"primaryImageOfPage":{"@id":"https:\/\/leren-zonder-grenzen.com\/de\/downloads\/#primaryimage"},"image":{"@id":"https:\/\/leren-zonder-grenzen.com\/de\/downloads\/#primaryimage"},"thumbnailUrl":"https:\/\/leren-zonder-grenzen.com\/wp-content\/uploads\/2023\/01\/project-ROLE-studentenbezoek-BK-Hansa-aan-ROC-van-Twente-bew-scaled.jpg","datePublished":"2023-01-04T11:21:51+00:00","dateModified":"2025-07-01T12:18:28+00:00","breadcrumb":{"@id":"https:\/\/leren-zonder-grenzen.com\/de\/downloads\/#breadcrumb"},"inLanguage":"de","potentialAction":[{"@type":"ReadAction","target":["https:\/\/leren-zonder-grenzen.com\/de\/downloads\/"]}]},{"@type":"ImageObject","inLanguage":"de","@id":"https:\/\/leren-zonder-grenzen.com\/de\/downloads\/#primaryimage","url":"https:\/\/leren-zonder-grenzen.com\/wp-content\/uploads\/2023\/01\/project-ROLE-studentenbezoek-BK-Hansa-aan-ROC-van-Twente-bew-scaled.jpg","contentUrl":"https:\/\/leren-zonder-grenzen.com\/wp-content\/uploads\/2023\/01\/project-ROLE-studentenbezoek-BK-Hansa-aan-ROC-van-Twente-bew-scaled.jpg","width":2560,"height":2114,"caption":"ROC van Twente"},{"@type":"BreadcrumbList","@id":"https:\/\/leren-zonder-grenzen.com\/de\/downloads\/#breadcrumb","itemListElement":[{"@type":"ListItem","position":1,"name":"Home","item":"https:\/\/leren-zonder-grenzen.com\/de\/home\/"},{"@type":"ListItem","position":2,"name":"Downloads"}]},{"@type":"WebSite","@id":"https:\/\/leren-zonder-grenzen.com\/de\/#website","url":"https:\/\/leren-zonder-grenzen.com\/de\/","name":"Lernen ohne Grenzen","description":"Grenzenlos entdecken","publisher":{"@id":"https:\/\/leren-zonder-grenzen.com\/de\/#organization"},"alternateName":"LZG","potentialAction":[{"@type":"SearchAction","target":{"@type":"EntryPoint","urlTemplate":"https:\/\/leren-zonder-grenzen.com\/de\/?s={search_term_string}"},"query-input":{"@type":"PropertyValueSpecification","valueRequired":true,"valueName":"search_term_string"}}],"inLanguage":"de"},{"@type":"Organization","@id":"https:\/\/leren-zonder-grenzen.com\/de\/#organization","name":"Leren zonder grenzen","alternateName":"LZG","url":"https:\/\/leren-zonder-grenzen.com\/de\/","logo":{"@type":"ImageObject","inLanguage":"de","@id":"https:\/\/leren-zonder-grenzen.com\/de\/#\/schema\/logo\/image\/","url":"https:\/\/leren-zonder-grenzen.com\/wp-content\/uploads\/2022\/12\/header-logo-leren-zonder-grenzen.svg","contentUrl":"https:\/\/leren-zonder-grenzen.com\/wp-content\/uploads\/2022\/12\/header-logo-leren-zonder-grenzen.svg","width":126,"height":181,"caption":"Leren zonder grenzen"},"image":{"@id":"https:\/\/leren-zonder-grenzen.com\/de\/#\/schema\/logo\/image\/"},"sameAs":["https:\/\/www.facebook.com\/profile.php?id=100047355472830"]}]}},"_links":{"self":[{"href":"https:\/\/leren-zonder-grenzen.com\/de\/wp-json\/wp\/v2\/pages\/732","targetHints":{"allow":["GET"]}}],"collection":[{"href":"https:\/\/leren-zonder-grenzen.com\/de\/wp-json\/wp\/v2\/pages"}],"about":[{"href":"https:\/\/leren-zonder-grenzen.com\/de\/wp-json\/wp\/v2\/types\/page"}],"author":[{"embeddable":true,"href":"https:\/\/leren-zonder-grenzen.com\/de\/wp-json\/wp\/v2\/users\/1"}],"replies":[{"embeddable":true,"href":"https:\/\/leren-zonder-grenzen.com\/de\/wp-json\/wp\/v2\/comments?post=732"}],"version-history":[{"count":77,"href":"https:\/\/leren-zonder-grenzen.com\/de\/wp-json\/wp\/v2\/pages\/732\/revisions"}],"predecessor-version":[{"id":3865,"href":"https:\/\/leren-zonder-grenzen.com\/de\/wp-json\/wp\/v2\/pages\/732\/revisions\/3865"}],"wp:featuredmedia":[{"embeddable":true,"href":"https:\/\/leren-zonder-grenzen.com\/de\/wp-json\/wp\/v2\/media\/665"}],"wp:attachment":[{"href":"https:\/\/leren-zonder-grenzen.com\/de\/wp-json\/wp\/v2\/media?parent=732"}],"curies":[{"name":"wp","href":"https:\/\/api.w.org\/{rel}","templated":true}]}}