{"id":733,"date":"2023-01-04T11:16:19","date_gmt":"2023-01-04T10:16:19","guid":{"rendered":"https:\/\/leren-zonder-grenzen.com\/over-ons\/"},"modified":"2023-04-03T14:30:52","modified_gmt":"2023-04-03T12:30:52","slug":"uber-uns","status":"publish","type":"page","link":"https:\/\/leren-zonder-grenzen.com\/de\/uber-uns\/","title":{"rendered":"\u00dcber uns"},"content":{"rendered":"<p><strong>Ausbildungen mit grenzenlosen Arbeitsm\u00f6glichkeiten bereichern. Ausrichtung auf die Anforderungen eines Arbeitsmarktes ohne Grenzen, damit die Jugendlichen sp\u00e4ter leichter &#8222;\u00fcber die Grenze hinweg&#8220; arbeiten k\u00f6nnen. Das ist das Ziel des Interreg VI Projekts Euregionale KennisWerkplaatsen (EKW).<\/strong><\/p>\n<p><span data-contrast=\"none\">Im Rahmen von Interreg VI arbeiten wir gemeinsam an der euregionalen Integration von Bildung und Arbeitsmarkt. Jugendliche aus den Niederlanden und Deutschland f\u00fchren gemeinsame Arbeitsaufgaben durch und erleben so, welche Kompetenzen erforderlich sind. Sowohl fachlich als auch sprachlich und arbeitskulturell. <\/span>Berufliche Bildung, Hochschulen, Unternehmen und Wissenseinrichtungen verbinden somit Bildung und Arbeitsmarkt in diesem zusammenh\u00e4ngenden Grenzgebiet.<\/p>\n<p><strong>Kenniswerkplaats<\/strong><br \/>\nDies geschieht in verschiedenen Kenniswerkplaatsen (EKWs), die in Arbeitsbereiche unterteilt sind. Ein Kenniswerkplaats ist ein Ort der Begegnung, an dem die Niederlande und Deutschland buchst\u00e4blich zusammenkommen. Berufsbildung, Hochschulen, Wissenseinrichtungen, Unternehmen und Institutionen treffen sich mit dem Ziel, Innovationen zu f\u00f6rdern. Wir nennen dies &#8222;arbeitsbezogene Entwicklung&#8220;. Das Ziel der EKWs ist es, die Ausbildung mit den Anforderungen eines Arbeitsmarktes ohne Grenzen zu bereichern. Insbesondere entwickeln die Jugendlichen interkulturelle Kompetenzen, machen sich mit der Sprache und Kultur des Nachbarlandes vertraut und erwerben neue oder zus\u00e4tzliche Fachkenntnisse. Dies erm\u00f6glicht es den Jugendlichen, nach ihrer Ausbildung in beiden L\u00e4ndern zu arbeiten.<\/p>\n<ul>\n<li><a href=\"https:\/\/leren-zonder-grenzen.com\/de\/werkplaats\/ekw-1\/\">EKW 1 &#8211; Business, internationaler Handel, Economy &amp; Controlling &#8211; Graafschap College und BK Bocholt West<\/a><\/li>\n<li><a href=\"https:\/\/leren-zonder-grenzen.com\/de\/werkplaats\/ekw-2\/\">EKW 2 &#8211; HighTech Systems &amp; Materials und IT &#8211; AT opleidingen und BK Bocholt West<\/a><\/li>\n<li><a href=\"https:\/\/leren-zonder-grenzen.com\/de\/werkplaats\/ekw-3\/\">EKW 3 &#8211; Bau und Holz &#8211; ROC van Twente<\/a><\/li>\n<li><a href=\"https:\/\/leren-zonder-grenzen.com\/de\/werkplaats\/ekw-4\/\">EKW 4 &#8211; P\u00e4dagogik, Sozialarbeit und Pflege &#8211; Alfa College und Paul Spiegel Berufkolleg<\/a><\/li>\n<li><a href=\"https:\/\/leren-zonder-grenzen.com\/de\/werkplaats\/ekw-5\/\">EKW 5 &#8211; Transport &amp; Logistik &#8211; ROC van Twente und DNL-contact<\/a><\/li>\n<li><a href=\"https:\/\/leren-zonder-grenzen.com\/de\/werkplaats\/ekw-6\/\">EKW 6 &#8211; Food &amp; Agro-Business &#8211; Zone College und Paul Spiegel Berufskolleg<\/a><\/li>\n<li><a href=\"https:\/\/leren-zonder-grenzen.com\/de\/werkplaats\/ekw-7\/\">EKW 7 &#8211; Gastgewerbe, Hospitality und Tourismus &#8211; Graafschap College &#8211; DNL-contact<\/a><\/li>\n<li><a href=\"https:\/\/leren-zonder-grenzen.com\/de\/werkplaats\/ekw-8\/\">EKW 8 &#8211; Freies Arbeitspaket <\/a><\/li>\n<\/ul>\n<p>M\u00f6chtest du mehr \u00fcber den Euregionalen Kenniswerkplaats erfahren oder an einem der oben genannten EKW teilnehmen? Ansprechpartner: <a href=\"mailto:\/\/international-office@rocvantwente.nl\">Rob Rouwers<\/a><\/p>\n<p><strong>Kernteam<\/strong><br \/>\nDas Kernteam besteht aus folgenden Partnern:<\/p>\n<ul>\n<li><a href=\"https:\/\/leren-zonder-grenzen.com\/de\/locatie\/roc-van-twente\/\">ROC van Twente<\/a><\/li>\n<li><a href=\"https:\/\/leren-zonder-grenzen.com\/de\/locatie\/rijnland-instituut\/\">Alfa College\/ Rijnland Instituut<\/a><\/li>\n<li><a href=\"https:\/\/leren-zonder-grenzen.com\/de\/locatie\/at-techniekopleidingen\/\">Anton Tijdink Techniekopleidingen<\/a><\/li>\n<li><a href=\"https:\/\/leren-zonder-grenzen.com\/de\/locatie\/berufskolleg-bocholt-west\/\">Berufskolleg Bocholt West<\/a><\/li>\n<li><a href=\"https:\/\/leren-zonder-grenzen.com\/de\/locatie\/technische-schulen-des-kreises-steinfurt\/\">Technische Schulen des Kreises Steinfurt<\/a><\/li>\n<li><a href=\"https:\/\/leren-zonder-grenzen.com\/de\/locatie\/zone-college-lochem\/\">Zone College<\/a><\/li>\n<li><a href=\"https:\/\/leren-zonder-grenzen.com\/de\/locatie\/dnl-contact-gmbh-co-kg\/\">DNL-contact<\/a><\/li>\n<li><a href=\"https:\/\/leren-zonder-grenzen.com\/de\/locatie\/graafschap-college\/\">Graafschap College<\/a><\/li>\n<li><a href=\"https:\/\/leren-zonder-grenzen.com\/de\/locatie\/paul-spiegel-berufskolleg\/\">Paul Spiegel Berufskolleg<\/a><\/li>\n<\/ul>\n","protected":false},"excerpt":{"rendered":"<p>Ausbildungen mit grenzenlosen Arbeitsm\u00f6glichkeiten bereichern. Ausrichtung auf die Anforderungen eines Arbeitsmarktes ohne Grenzen, damit die Jugendlichen sp\u00e4ter leichter &#8222;\u00fcber die Grenze hinweg&#8220; arbeiten k\u00f6nnen. Das ist das Ziel des Interreg VI Projekts Euregionale KennisWerkplaatsen (EKW). Im Rahmen von Interreg VI arbeiten wir gemeinsam an der euregionalen Integration von Bildung und Arbeitsmarkt. Jugendliche aus den Niederlanden [&hellip;]<\/p>\n","protected":false},"author":1,"featured_media":677,"parent":0,"menu_order":0,"comment_status":"closed","ping_status":"closed","template":"","meta":{"_acf_changed":false,"footnotes":""},"class_list":["post-733","page","type-page","status-publish","has-post-thumbnail","hentry"],"acf":[],"yoast_head":"<!-- This site is optimized with the Yoast SEO plugin v27.3 - https:\/\/yoast.com\/product\/yoast-seo-wordpress\/ -->\n<title>\u00dcber uns - Lernen ohne Grenzen<\/title>\n<meta name=\"robots\" content=\"index, follow, max-snippet:-1, max-image-preview:large, max-video-preview:-1\" \/>\n<link rel=\"canonical\" href=\"https:\/\/leren-zonder-grenzen.com\/de\/uber-uns\/\" \/>\n<meta property=\"og:locale\" content=\"de_DE\" \/>\n<meta property=\"og:type\" content=\"article\" \/>\n<meta property=\"og:title\" content=\"\u00dcber uns - Lernen ohne Grenzen\" \/>\n<meta property=\"og:description\" content=\"Ausbildungen mit grenzenlosen Arbeitsm\u00f6glichkeiten bereichern. Ausrichtung auf die Anforderungen eines Arbeitsmarktes ohne Grenzen, damit die Jugendlichen sp\u00e4ter leichter &#8222;\u00fcber die Grenze hinweg&#8220; arbeiten k\u00f6nnen. Das ist das Ziel des Interreg VI Projekts Euregionale KennisWerkplaatsen (EKW). Im Rahmen von Interreg VI arbeiten wir gemeinsam an der euregionalen Integration von Bildung und Arbeitsmarkt. Jugendliche aus den Niederlanden [&hellip;]\" \/>\n<meta property=\"og:url\" content=\"https:\/\/leren-zonder-grenzen.com\/de\/uber-uns\/\" \/>\n<meta property=\"og:site_name\" content=\"Lernen ohne Grenzen\" \/>\n<meta property=\"article:publisher\" content=\"https:\/\/www.facebook.com\/profile.php?id=100047355472830\" \/>\n<meta property=\"article:modified_time\" content=\"2023-04-03T12:30:52+00:00\" \/>\n<meta property=\"og:image\" content=\"https:\/\/leren-zonder-grenzen.com\/wp-content\/uploads\/2023\/01\/IMG-20190926-WA0005.jpg\" \/>\n\t<meta property=\"og:image:width\" content=\"1024\" \/>\n\t<meta property=\"og:image:height\" content=\"768\" \/>\n\t<meta property=\"og:image:type\" content=\"image\/jpeg\" \/>\n<meta name=\"twitter:card\" content=\"summary_large_image\" \/>\n<meta name=\"twitter:label1\" content=\"Gesch\u00e4tzte Lesezeit\" \/>\n\t<meta name=\"twitter:data1\" content=\"2\u00a0Minuten\" \/>\n<script type=\"application\/ld+json\" class=\"yoast-schema-graph\">{\"@context\":\"https:\\\/\\\/schema.org\",\"@graph\":[{\"@type\":\"WebPage\",\"@id\":\"https:\\\/\\\/leren-zonder-grenzen.com\\\/de\\\/uber-uns\\\/\",\"url\":\"https:\\\/\\\/leren-zonder-grenzen.com\\\/de\\\/uber-uns\\\/\",\"name\":\"\u00dcber uns - Lernen ohne Grenzen\",\"isPartOf\":{\"@id\":\"https:\\\/\\\/leren-zonder-grenzen.com\\\/de\\\/#website\"},\"primaryImageOfPage\":{\"@id\":\"https:\\\/\\\/leren-zonder-grenzen.com\\\/de\\\/uber-uns\\\/#primaryimage\"},\"image\":{\"@id\":\"https:\\\/\\\/leren-zonder-grenzen.com\\\/de\\\/uber-uns\\\/#primaryimage\"},\"thumbnailUrl\":\"https:\\\/\\\/leren-zonder-grenzen.com\\\/wp-content\\\/uploads\\\/2023\\\/01\\\/IMG-20190926-WA0005.jpg\",\"datePublished\":\"2023-01-04T10:16:19+00:00\",\"dateModified\":\"2023-04-03T12:30:52+00:00\",\"breadcrumb\":{\"@id\":\"https:\\\/\\\/leren-zonder-grenzen.com\\\/de\\\/uber-uns\\\/#breadcrumb\"},\"inLanguage\":\"de\",\"potentialAction\":[{\"@type\":\"ReadAction\",\"target\":[\"https:\\\/\\\/leren-zonder-grenzen.com\\\/de\\\/uber-uns\\\/\"]}]},{\"@type\":\"ImageObject\",\"inLanguage\":\"de\",\"@id\":\"https:\\\/\\\/leren-zonder-grenzen.com\\\/de\\\/uber-uns\\\/#primaryimage\",\"url\":\"https:\\\/\\\/leren-zonder-grenzen.com\\\/wp-content\\\/uploads\\\/2023\\\/01\\\/IMG-20190926-WA0005.jpg\",\"contentUrl\":\"https:\\\/\\\/leren-zonder-grenzen.com\\\/wp-content\\\/uploads\\\/2023\\\/01\\\/IMG-20190926-WA0005.jpg\",\"width\":1024,\"height\":768,\"caption\":\"euregio EKW Euregionale KennisWerkplaatsen\"},{\"@type\":\"BreadcrumbList\",\"@id\":\"https:\\\/\\\/leren-zonder-grenzen.com\\\/de\\\/uber-uns\\\/#breadcrumb\",\"itemListElement\":[{\"@type\":\"ListItem\",\"position\":1,\"name\":\"Home\",\"item\":\"https:\\\/\\\/leren-zonder-grenzen.com\\\/de\\\/home\\\/\"},{\"@type\":\"ListItem\",\"position\":2,\"name\":\"\u00dcber uns\"}]},{\"@type\":\"WebSite\",\"@id\":\"https:\\\/\\\/leren-zonder-grenzen.com\\\/de\\\/#website\",\"url\":\"https:\\\/\\\/leren-zonder-grenzen.com\\\/de\\\/\",\"name\":\"Lernen ohne Grenzen\",\"description\":\"Grenzenlos entdecken\",\"publisher\":{\"@id\":\"https:\\\/\\\/leren-zonder-grenzen.com\\\/de\\\/#organization\"},\"alternateName\":\"LZG\",\"potentialAction\":[{\"@type\":\"SearchAction\",\"target\":{\"@type\":\"EntryPoint\",\"urlTemplate\":\"https:\\\/\\\/leren-zonder-grenzen.com\\\/de\\\/?s={search_term_string}\"},\"query-input\":{\"@type\":\"PropertyValueSpecification\",\"valueRequired\":true,\"valueName\":\"search_term_string\"}}],\"inLanguage\":\"de\"},{\"@type\":\"Organization\",\"@id\":\"https:\\\/\\\/leren-zonder-grenzen.com\\\/de\\\/#organization\",\"name\":\"Leren zonder grenzen\",\"alternateName\":\"LZG\",\"url\":\"https:\\\/\\\/leren-zonder-grenzen.com\\\/de\\\/\",\"logo\":{\"@type\":\"ImageObject\",\"inLanguage\":\"de\",\"@id\":\"https:\\\/\\\/leren-zonder-grenzen.com\\\/de\\\/#\\\/schema\\\/logo\\\/image\\\/\",\"url\":\"https:\\\/\\\/leren-zonder-grenzen.com\\\/wp-content\\\/uploads\\\/2022\\\/12\\\/header-logo-leren-zonder-grenzen.svg\",\"contentUrl\":\"https:\\\/\\\/leren-zonder-grenzen.com\\\/wp-content\\\/uploads\\\/2022\\\/12\\\/header-logo-leren-zonder-grenzen.svg\",\"width\":126,\"height\":181,\"caption\":\"Leren zonder grenzen\"},\"image\":{\"@id\":\"https:\\\/\\\/leren-zonder-grenzen.com\\\/de\\\/#\\\/schema\\\/logo\\\/image\\\/\"},\"sameAs\":[\"https:\\\/\\\/www.facebook.com\\\/profile.php?id=100047355472830\"]}]}<\/script>\n<!-- \/ Yoast SEO plugin. -->","yoast_head_json":{"title":"\u00dcber uns - Lernen ohne Grenzen","robots":{"index":"index","follow":"follow","max-snippet":"max-snippet:-1","max-image-preview":"max-image-preview:large","max-video-preview":"max-video-preview:-1"},"canonical":"https:\/\/leren-zonder-grenzen.com\/de\/uber-uns\/","og_locale":"de_DE","og_type":"article","og_title":"\u00dcber uns - Lernen ohne Grenzen","og_description":"Ausbildungen mit grenzenlosen Arbeitsm\u00f6glichkeiten bereichern. Ausrichtung auf die Anforderungen eines Arbeitsmarktes ohne Grenzen, damit die Jugendlichen sp\u00e4ter leichter &#8222;\u00fcber die Grenze hinweg&#8220; arbeiten k\u00f6nnen. Das ist das Ziel des Interreg VI Projekts Euregionale KennisWerkplaatsen (EKW). Im Rahmen von Interreg VI arbeiten wir gemeinsam an der euregionalen Integration von Bildung und Arbeitsmarkt. Jugendliche aus den Niederlanden [&hellip;]","og_url":"https:\/\/leren-zonder-grenzen.com\/de\/uber-uns\/","og_site_name":"Lernen ohne Grenzen","article_publisher":"https:\/\/www.facebook.com\/profile.php?id=100047355472830","article_modified_time":"2023-04-03T12:30:52+00:00","og_image":[{"width":1024,"height":768,"url":"https:\/\/leren-zonder-grenzen.com\/wp-content\/uploads\/2023\/01\/IMG-20190926-WA0005.jpg","type":"image\/jpeg"}],"twitter_card":"summary_large_image","twitter_misc":{"Gesch\u00e4tzte Lesezeit":"2\u00a0Minuten"},"schema":{"@context":"https:\/\/schema.org","@graph":[{"@type":"WebPage","@id":"https:\/\/leren-zonder-grenzen.com\/de\/uber-uns\/","url":"https:\/\/leren-zonder-grenzen.com\/de\/uber-uns\/","name":"\u00dcber uns - Lernen ohne Grenzen","isPartOf":{"@id":"https:\/\/leren-zonder-grenzen.com\/de\/#website"},"primaryImageOfPage":{"@id":"https:\/\/leren-zonder-grenzen.com\/de\/uber-uns\/#primaryimage"},"image":{"@id":"https:\/\/leren-zonder-grenzen.com\/de\/uber-uns\/#primaryimage"},"thumbnailUrl":"https:\/\/leren-zonder-grenzen.com\/wp-content\/uploads\/2023\/01\/IMG-20190926-WA0005.jpg","datePublished":"2023-01-04T10:16:19+00:00","dateModified":"2023-04-03T12:30:52+00:00","breadcrumb":{"@id":"https:\/\/leren-zonder-grenzen.com\/de\/uber-uns\/#breadcrumb"},"inLanguage":"de","potentialAction":[{"@type":"ReadAction","target":["https:\/\/leren-zonder-grenzen.com\/de\/uber-uns\/"]}]},{"@type":"ImageObject","inLanguage":"de","@id":"https:\/\/leren-zonder-grenzen.com\/de\/uber-uns\/#primaryimage","url":"https:\/\/leren-zonder-grenzen.com\/wp-content\/uploads\/2023\/01\/IMG-20190926-WA0005.jpg","contentUrl":"https:\/\/leren-zonder-grenzen.com\/wp-content\/uploads\/2023\/01\/IMG-20190926-WA0005.jpg","width":1024,"height":768,"caption":"euregio EKW Euregionale KennisWerkplaatsen"},{"@type":"BreadcrumbList","@id":"https:\/\/leren-zonder-grenzen.com\/de\/uber-uns\/#breadcrumb","itemListElement":[{"@type":"ListItem","position":1,"name":"Home","item":"https:\/\/leren-zonder-grenzen.com\/de\/home\/"},{"@type":"ListItem","position":2,"name":"\u00dcber uns"}]},{"@type":"WebSite","@id":"https:\/\/leren-zonder-grenzen.com\/de\/#website","url":"https:\/\/leren-zonder-grenzen.com\/de\/","name":"Lernen ohne Grenzen","description":"Grenzenlos entdecken","publisher":{"@id":"https:\/\/leren-zonder-grenzen.com\/de\/#organization"},"alternateName":"LZG","potentialAction":[{"@type":"SearchAction","target":{"@type":"EntryPoint","urlTemplate":"https:\/\/leren-zonder-grenzen.com\/de\/?s={search_term_string}"},"query-input":{"@type":"PropertyValueSpecification","valueRequired":true,"valueName":"search_term_string"}}],"inLanguage":"de"},{"@type":"Organization","@id":"https:\/\/leren-zonder-grenzen.com\/de\/#organization","name":"Leren zonder grenzen","alternateName":"LZG","url":"https:\/\/leren-zonder-grenzen.com\/de\/","logo":{"@type":"ImageObject","inLanguage":"de","@id":"https:\/\/leren-zonder-grenzen.com\/de\/#\/schema\/logo\/image\/","url":"https:\/\/leren-zonder-grenzen.com\/wp-content\/uploads\/2022\/12\/header-logo-leren-zonder-grenzen.svg","contentUrl":"https:\/\/leren-zonder-grenzen.com\/wp-content\/uploads\/2022\/12\/header-logo-leren-zonder-grenzen.svg","width":126,"height":181,"caption":"Leren zonder grenzen"},"image":{"@id":"https:\/\/leren-zonder-grenzen.com\/de\/#\/schema\/logo\/image\/"},"sameAs":["https:\/\/www.facebook.com\/profile.php?id=100047355472830"]}]}},"_links":{"self":[{"href":"https:\/\/leren-zonder-grenzen.com\/de\/wp-json\/wp\/v2\/pages\/733","targetHints":{"allow":["GET"]}}],"collection":[{"href":"https:\/\/leren-zonder-grenzen.com\/de\/wp-json\/wp\/v2\/pages"}],"about":[{"href":"https:\/\/leren-zonder-grenzen.com\/de\/wp-json\/wp\/v2\/types\/page"}],"author":[{"embeddable":true,"href":"https:\/\/leren-zonder-grenzen.com\/de\/wp-json\/wp\/v2\/users\/1"}],"replies":[{"embeddable":true,"href":"https:\/\/leren-zonder-grenzen.com\/de\/wp-json\/wp\/v2\/comments?post=733"}],"version-history":[{"count":9,"href":"https:\/\/leren-zonder-grenzen.com\/de\/wp-json\/wp\/v2\/pages\/733\/revisions"}],"predecessor-version":[{"id":1215,"href":"https:\/\/leren-zonder-grenzen.com\/de\/wp-json\/wp\/v2\/pages\/733\/revisions\/1215"}],"wp:featuredmedia":[{"embeddable":true,"href":"https:\/\/leren-zonder-grenzen.com\/de\/wp-json\/wp\/v2\/media\/677"}],"wp:attachment":[{"href":"https:\/\/leren-zonder-grenzen.com\/de\/wp-json\/wp\/v2\/media?parent=733"}],"curies":[{"name":"wp","href":"https:\/\/api.w.org\/{rel}","templated":true}]}}